{"id":77545,"date":"2022-11-08T15:45:00","date_gmt":"2022-11-08T12:45:00","guid":{"rendered":"https:\/\/simsekambalaj.com.tr\/en\/?page_id=77545"},"modified":"2022-11-21T17:34:19","modified_gmt":"2022-11-21T14:34:19","slug":"information-society-services","status":"publish","type":"page","link":"https:\/\/simsekambalaj.com.tr\/en\/information-society-services\/","title":{"rendered":"Information Society Services"},"content":{"rendered":"\t\t<div data-elementor-type=\"wp-page\" data-elementor-id=\"77545\" class=\"elementor elementor-77545\" data-elementor-settings=\"[]\">\n\t\t\t\t\t\t\t<div class=\"elementor-section-wrap\">\n\t\t\t\t\t\t\t<section class=\"elementor-section elementor-top-section elementor-element elementor-element-97026c0 elementor-section-content-middle elementor-reverse-mobile elementor-section-height-min-height elementor-section-boxed elementor-section-height-default elementor-section-items-middle\" data-id=\"97026c0\" data-element_type=\"section\" data-settings=\"{&quot;background_background&quot;:&quot;classic&quot;}\">\n\t\t\t\t\t\t<div class=\"elementor-container elementor-column-gap-no\">\n\t\t\t\t\t<div class=\"elementor-column elementor-col-100 elementor-top-column elementor-element elementor-element-a6d3665\" data-id=\"a6d3665\" data-element_type=\"column\">\n\t\t\t<div class=\"elementor-widget-wrap elementor-element-populated\">\n\t\t\t\t\t\t\t\t<div class=\"elementor-element elementor-element-1c8ad65 elementor-widget elementor-widget-heading\" data-id=\"1c8ad65\" data-element_type=\"widget\" data-widget_type=\"heading.default\">\n\t\t\t\t<div class=\"elementor-widget-container\">\n\t\t\t<style>\/*! elementor - v3.5.6 - 28-02-2022 *\/\n.elementor-heading-title{padding:0;margin:0;line-height:1}.elementor-widget-heading .elementor-heading-title[class*=elementor-size-]>a{color:inherit;font-size:inherit;line-height:inherit}.elementor-widget-heading .elementor-heading-title.elementor-size-small{font-size:15px}.elementor-widget-heading .elementor-heading-title.elementor-size-medium{font-size:19px}.elementor-widget-heading .elementor-heading-title.elementor-size-large{font-size:29px}.elementor-widget-heading .elementor-heading-title.elementor-size-xl{font-size:39px}.elementor-widget-heading .elementor-heading-title.elementor-size-xxl{font-size:59px}<\/style><h1 class=\"elementor-heading-title elementor-size-default\">Information Society Services<\/h1>\t\t<\/div>\n\t\t\t\t<\/div>\n\t\t\t\t\t<\/div>\n\t\t<\/div>\n\t\t\t\t\t\t\t<\/div>\n\t\t<\/section>\n\t\t\t\t<section class=\"elementor-section elementor-top-section elementor-element elementor-element-05d0382 elementor-section-content-top elementor-section-boxed elementor-section-height-default elementor-section-height-default\" data-id=\"05d0382\" data-element_type=\"section\">\n\t\t\t\t\t\t<div class=\"elementor-container elementor-column-gap-default\">\n\t\t\t\t\t<div class=\"elementor-column elementor-col-100 elementor-top-column elementor-element elementor-element-e0e120c\" data-id=\"e0e120c\" data-element_type=\"column\">\n\t\t\t<div class=\"elementor-widget-wrap elementor-element-populated\">\n\t\t\t\t\t\t\t\t<div class=\"elementor-element elementor-element-b46096a elementor-widget elementor-widget-heading\" data-id=\"b46096a\" data-element_type=\"widget\" data-widget_type=\"heading.default\">\n\t\t\t\t<div class=\"elementor-widget-container\">\n\t\t\t<h5 class=\"elementor-heading-title elementor-size-default\">\u015eim\u015fek Ambalaj San. ve Tic. A.\u015e.<\/h5>\t\t<\/div>\n\t\t\t\t<\/div>\n\t\t\t\t<div class=\"elementor-element elementor-element-250e28e elementor-widget elementor-widget-text-editor\" data-id=\"250e28e\" data-element_type=\"widget\" data-widget_type=\"text-editor.default\">\n\t\t\t\t<div class=\"elementor-widget-container\">\n\t\t\t<style>\/*! elementor - v3.5.6 - 28-02-2022 *\/\n.elementor-widget-text-editor.elementor-drop-cap-view-stacked .elementor-drop-cap{background-color:#818a91;color:#fff}.elementor-widget-text-editor.elementor-drop-cap-view-framed .elementor-drop-cap{color:#818a91;border:3px solid;background-color:transparent}.elementor-widget-text-editor:not(.elementor-drop-cap-view-default) .elementor-drop-cap{margin-top:8px}.elementor-widget-text-editor:not(.elementor-drop-cap-view-default) .elementor-drop-cap-letter{width:1em;height:1em}.elementor-widget-text-editor .elementor-drop-cap{float:left;text-align:center;line-height:1;font-size:50px}.elementor-widget-text-editor .elementor-drop-cap-letter{display:inline-block}<\/style>\t\t\t\tPlease <a href=\"https:\/\/www.belgemodul.com\/sirket\/403\" target=\"_blank\" rel=\"noopener\"> <span style=\"color: #0069b4;\">click <\/span><\/a>for the Information Society Services.\n\n\t\t\t\t\t\t<\/div>\n\t\t\t\t<\/div>\n\t\t\t\t<div class=\"elementor-element elementor-element-93a8040 elementor-widget elementor-widget-heading\" data-id=\"93a8040\" data-element_type=\"widget\" data-widget_type=\"heading.default\">\n\t\t\t\t<div class=\"elementor-widget-container\">\n\t\t\t<h5 class=\"elementor-heading-title elementor-size-default\">\u015eim\u015fek Teneke Ambalaj D\u0131\u015f Tic. A.\u015e.<\/h5>\t\t<\/div>\n\t\t\t\t<\/div>\n\t\t\t\t<div class=\"elementor-element elementor-element-1bf6155 elementor-widget elementor-widget-text-editor\" data-id=\"1bf6155\" data-element_type=\"widget\" data-widget_type=\"text-editor.default\">\n\t\t\t\t<div class=\"elementor-widget-container\">\n\t\t\t\t\t\t\tPlease <a href=\"https:\/\/www.belgemodul.com\/sirket\/2613\" target=\"_blank\" rel=\"noopener\"> <span style=\"color: #0069b4;\">click <\/span><\/a>for the Information Society Services.\n\t\t\t\t\t\t<\/div>\n\t\t\t\t<\/div>\n\t\t\t\t\t<\/div>\n\t\t<\/div>\n\t\t\t\t\t\t\t<\/div>\n\t\t<\/section>\n\t\t\t\t\t\t<\/div>\n\t\t\t\t\t<\/div>\n\t\t","protected":false},"excerpt":{"rendered":"<p>Information Society Services \u015eim\u015fek Ambalaj San. ve Tic. A.\u015e. Please click for the Information Society Services. \u015eim\u015fek Teneke Ambalaj D\u0131\u015f Tic. A.\u015e. Please click for the Information Society Services.<\/p>\n","protected":false},"author":2,"featured_media":0,"parent":0,"menu_order":0,"comment_status":"closed","ping_status":"closed","template":"elementor_header_footer","meta":{"inline_featured_image":false,"footnotes":""},"class_list":["post-77545","page","type-page","status-publish","hentry"],"yoast_head":"<!-- This site is optimized with the Yoast SEO plugin v18.3 - https:\/\/yoast.com\/wordpress\/plugins\/seo\/ -->\n<title>Information Society Services - \u015eim\u015fek Ambalaj<\/title>\n<meta name=\"robots\" content=\"noindex, follow, max-snippet:-1, max-image-preview:large, max-video-preview:-1\" \/>\n<meta property=\"og:locale\" content=\"tr_TR\" \/>\n<meta property=\"og:type\" content=\"article\" \/>\n<meta property=\"og:title\" content=\"Information Society Services - \u015eim\u015fek Ambalaj\" \/>\n<meta property=\"og:description\" content=\"Information Society Services \u015eim\u015fek Ambalaj San. ve Tic. A.\u015e. Please click for the Information Society Services. \u015eim\u015fek Teneke Ambalaj D\u0131\u015f Tic. A.\u015e. Please click for the Information Society Services.\" \/>\n<meta property=\"og:url\" content=\"https:\/\/simsekambalaj.com.tr\/en\/information-society-services\/\" \/>\n<meta property=\"og:site_name\" content=\"\u015eim\u015fek Ambalaj\" \/>\n<meta property=\"article:modified_time\" content=\"2022-11-21T14:34:19+00:00\" \/>\n<meta name=\"twitter:card\" content=\"summary_large_image\" \/>\n<meta name=\"twitter:label1\" content=\"Tahmini okuma s\u00fcresi\" \/>\n\t<meta name=\"twitter:data1\" content=\"1 dakika\" \/>\n<script type=\"application\/ld+json\" class=\"yoast-schema-graph\">{\"@context\":\"https:\/\/schema.org\",\"@graph\":[{\"@type\":\"WebSite\",\"@id\":\"https:\/\/simsekambalaj.com.tr\/en\/#website\",\"url\":\"https:\/\/simsekambalaj.com.tr\/en\/\",\"name\":\"\u015eim\u015fek Ambalaj\",\"description\":\"\",\"potentialAction\":[{\"@type\":\"SearchAction\",\"target\":{\"@type\":\"EntryPoint\",\"urlTemplate\":\"https:\/\/simsekambalaj.com.tr\/en\/?s={search_term_string}\"},\"query-input\":\"required name=search_term_string\"}],\"inLanguage\":\"tr\"},{\"@type\":\"WebPage\",\"@id\":\"https:\/\/simsekambalaj.com.tr\/en\/information-society-services\/#webpage\",\"url\":\"https:\/\/simsekambalaj.com.tr\/en\/information-society-services\/\",\"name\":\"Information Society Services - \u015eim\u015fek Ambalaj\",\"isPartOf\":{\"@id\":\"https:\/\/simsekambalaj.com.tr\/en\/#website\"},\"datePublished\":\"2022-11-08T12:45:00+00:00\",\"dateModified\":\"2022-11-21T14:34:19+00:00\",\"breadcrumb\":{\"@id\":\"https:\/\/simsekambalaj.com.tr\/en\/information-society-services\/#breadcrumb\"},\"inLanguage\":\"tr\",\"potentialAction\":[{\"@type\":\"ReadAction\",\"target\":[\"https:\/\/simsekambalaj.com.tr\/en\/information-society-services\/\"]}]},{\"@type\":\"BreadcrumbList\",\"@id\":\"https:\/\/simsekambalaj.com.tr\/en\/information-society-services\/#breadcrumb\",\"itemListElement\":[{\"@type\":\"ListItem\",\"position\":1,\"name\":\"Home\",\"item\":\"https:\/\/simsekambalaj.com.tr\/en\/\"},{\"@type\":\"ListItem\",\"position\":2,\"name\":\"Information Society Services\"}]}]}<\/script>\n<!-- \/ Yoast SEO plugin. -->","yoast_head_json":{"title":"Information Society Services - \u015eim\u015fek Ambalaj","robots":{"index":"noindex","follow":"follow","max-snippet":"max-snippet:-1","max-image-preview":"max-image-preview:large","max-video-preview":"max-video-preview:-1"},"og_locale":"tr_TR","og_type":"article","og_title":"Information Society Services - \u015eim\u015fek Ambalaj","og_description":"Information Society Services \u015eim\u015fek Ambalaj San. ve Tic. A.\u015e. Please click for the Information Society Services. \u015eim\u015fek Teneke Ambalaj D\u0131\u015f Tic. A.\u015e. Please click for the Information Society Services.","og_url":"https:\/\/simsekambalaj.com.tr\/en\/information-society-services\/","og_site_name":"\u015eim\u015fek Ambalaj","article_modified_time":"2022-11-21T14:34:19+00:00","twitter_card":"summary_large_image","twitter_misc":{"Tahmini okuma s\u00fcresi":"1 dakika"},"schema":{"@context":"https:\/\/schema.org","@graph":[{"@type":"WebSite","@id":"https:\/\/simsekambalaj.com.tr\/en\/#website","url":"https:\/\/simsekambalaj.com.tr\/en\/","name":"\u015eim\u015fek Ambalaj","description":"","potentialAction":[{"@type":"SearchAction","target":{"@type":"EntryPoint","urlTemplate":"https:\/\/simsekambalaj.com.tr\/en\/?s={search_term_string}"},"query-input":"required name=search_term_string"}],"inLanguage":"tr"},{"@type":"WebPage","@id":"https:\/\/simsekambalaj.com.tr\/en\/information-society-services\/#webpage","url":"https:\/\/simsekambalaj.com.tr\/en\/information-society-services\/","name":"Information Society Services - \u015eim\u015fek Ambalaj","isPartOf":{"@id":"https:\/\/simsekambalaj.com.tr\/en\/#website"},"datePublished":"2022-11-08T12:45:00+00:00","dateModified":"2022-11-21T14:34:19+00:00","breadcrumb":{"@id":"https:\/\/simsekambalaj.com.tr\/en\/information-society-services\/#breadcrumb"},"inLanguage":"tr","potentialAction":[{"@type":"ReadAction","target":["https:\/\/simsekambalaj.com.tr\/en\/information-society-services\/"]}]},{"@type":"BreadcrumbList","@id":"https:\/\/simsekambalaj.com.tr\/en\/information-society-services\/#breadcrumb","itemListElement":[{"@type":"ListItem","position":1,"name":"Home","item":"https:\/\/simsekambalaj.com.tr\/en\/"},{"@type":"ListItem","position":2,"name":"Information Society Services"}]}]}},"acf":[],"_links":{"self":[{"href":"https:\/\/simsekambalaj.com.tr\/en\/wp-json\/wp\/v2\/pages\/77545","targetHints":{"allow":["GET"]}}],"collection":[{"href":"https:\/\/simsekambalaj.com.tr\/en\/wp-json\/wp\/v2\/pages"}],"about":[{"href":"https:\/\/simsekambalaj.com.tr\/en\/wp-json\/wp\/v2\/types\/page"}],"author":[{"embeddable":true,"href":"https:\/\/simsekambalaj.com.tr\/en\/wp-json\/wp\/v2\/users\/2"}],"replies":[{"embeddable":true,"href":"https:\/\/simsekambalaj.com.tr\/en\/wp-json\/wp\/v2\/comments?post=77545"}],"version-history":[{"count":0,"href":"https:\/\/simsekambalaj.com.tr\/en\/wp-json\/wp\/v2\/pages\/77545\/revisions"}],"wp:attachment":[{"href":"https:\/\/simsekambalaj.com.tr\/en\/wp-json\/wp\/v2\/media?parent=77545"}],"curies":[{"name":"wp","href":"https:\/\/api.w.org\/{rel}","templated":true}]}}