{"id":75074,"date":"2022-08-08T16:49:10","date_gmt":"2022-08-08T13:49:10","guid":{"rendered":"https:\/\/simsekambalaj.com.tr\/en\/?page_id=75074"},"modified":"2026-02-16T10:44:55","modified_gmt":"2026-02-16T07:44:55","slug":"history-and-key-milestones","status":"publish","type":"page","link":"https:\/\/simsekambalaj.com.tr\/en\/history-and-key-milestones\/","title":{"rendered":"History &#038; Key Milestones"},"content":{"rendered":"\t\t<div data-elementor-type=\"wp-page\" data-elementor-id=\"75074\" class=\"elementor elementor-75074\" data-elementor-settings=\"[]\">\n\t\t\t\t\t\t\t<div class=\"elementor-section-wrap\">\n\t\t\t\t\t\t\t<section class=\"elementor-section elementor-top-section elementor-element elementor-element-25280eb elementor-section-content-middle elementor-reverse-mobile elementor-section-height-min-height elementor-section-boxed elementor-section-height-default elementor-section-items-middle\" data-id=\"25280eb\" data-element_type=\"section\" data-settings=\"{&quot;background_background&quot;:&quot;classic&quot;}\">\n\t\t\t\t\t\t<div class=\"elementor-container elementor-column-gap-no\">\n\t\t\t\t\t<div class=\"elementor-column elementor-col-100 elementor-top-column elementor-element elementor-element-8701b39\" data-id=\"8701b39\" data-element_type=\"column\">\n\t\t\t<div class=\"elementor-widget-wrap elementor-element-populated\">\n\t\t\t\t\t\t\t\t<div class=\"elementor-element elementor-element-1d2b9f7 elementor-widget elementor-widget-heading\" data-id=\"1d2b9f7\" data-element_type=\"widget\" data-widget_type=\"heading.default\">\n\t\t\t\t<div class=\"elementor-widget-container\">\n\t\t\t<style>\/*! elementor - v3.5.6 - 28-02-2022 *\/\n.elementor-heading-title{padding:0;margin:0;line-height:1}.elementor-widget-heading .elementor-heading-title[class*=elementor-size-]>a{color:inherit;font-size:inherit;line-height:inherit}.elementor-widget-heading .elementor-heading-title.elementor-size-small{font-size:15px}.elementor-widget-heading .elementor-heading-title.elementor-size-medium{font-size:19px}.elementor-widget-heading .elementor-heading-title.elementor-size-large{font-size:29px}.elementor-widget-heading .elementor-heading-title.elementor-size-xl{font-size:39px}.elementor-widget-heading .elementor-heading-title.elementor-size-xxl{font-size:59px}<\/style><h1 class=\"elementor-heading-title elementor-size-default\">History & <br>Key Milestones<\/h1>\t\t<\/div>\n\t\t\t\t<\/div>\n\t\t\t\t\t<\/div>\n\t\t<\/div>\n\t\t\t\t\t\t\t<\/div>\n\t\t<\/section>\n\t\t\t\t<section class=\"elementor-section elementor-top-section elementor-element elementor-element-68e4a14 elementor-section-boxed elementor-section-height-default elementor-section-height-default\" data-id=\"68e4a14\" data-element_type=\"section\">\n\t\t\t\t\t\t<div class=\"elementor-container elementor-column-gap-default\">\n\t\t\t\t\t<div class=\"elementor-column elementor-col-100 elementor-top-column elementor-element elementor-element-dda9a99\" data-id=\"dda9a99\" data-element_type=\"column\">\n\t\t\t<div class=\"elementor-widget-wrap elementor-element-populated\">\n\t\t\t\t\t\t\t\t<div class=\"elementor-element elementor-element-7213d60 elementor-widget elementor-widget-html\" data-id=\"7213d60\" data-element_type=\"widget\" data-widget_type=\"html.default\">\n\t\t\t\t<div class=\"elementor-widget-container\">\n\t\t\t     <div class=\"timeline-block\">\r\n                <div class=\"timeline-logo\">\r\n                    <img decoding=\"async\" src=\"\/wp-content\/uploads\/2022\/11\/SimsekLogoYazisiz_185x185.png\" \/>\r\n                <\/div>\r\n                <ul class=\"timelines\">\r\n                    <li class=\"timeline\">\r\n                        <div class=\"timeline-date\">1955<\/div>\r\n                        <div class=\"timeline-text\">Our passion for can packaging started. <\/div>\r\n                    <\/li>\r\n                    <li class=\"timeline\">\r\n                        <div class=\"timeline-date\">1966<\/div>\r\n                        <div class=\"timeline-text\">Start of can manufacturing business.<\/div>\r\n                    <\/li>\r\n                    <li class=\"timeline\">\r\n                        <div class=\"timeline-date\">1974<\/div>\r\n                        <div class=\"timeline-text\">Setting up printing, lacquering and automatic production lines.<\/div>\r\n                    <\/li>\r\n                    <li class=\"timeline\">\r\n                        <div class=\"timeline-date\">1977<\/div>\r\n                        <div class=\"timeline-text\">\u015eim\u015fek Ambalaj Sanayi ve Ticaret A.\u015e. is established in \u0130zmir, Turkey, on May 04, 1977.<\/div>\r\n                    <\/li>\r\n                    <li class=\"timeline\">\r\n                        <div class=\"timeline-date\">1981<\/div>\r\n                        <div class=\"timeline-text\">Significant expansion in machinery capacity until 1993. <\/div>\r\n                    <\/li>\r\n                    <li class=\"timeline\">\r\n                        <div class=\"timeline-date\">1994<\/div>\r\n                        <div class=\"timeline-text\">Building a new plant in \u0130zmir \u00c7i\u011fli Atat\u00fcrk Organized Industrial Zone. <\/div>\r\n                    <\/li>\r\n                    <li class=\"timeline\">\r\n                        <div class=\"timeline-date\">1996<\/div>\r\n                        <div class=\"timeline-text\">\u015eim\u015fek Ambalaj started operation in the new plant of 34.211 m\u00b2.<\/div>\r\n                    <\/li>\r\n                    <li class=\"timeline\">\r\n                        <div class=\"timeline-date\">1998<\/div>\r\n                        <div class=\"timeline-text\">Renewal of printing and lacquering lines.<\/div>\r\n                    <\/li>\r\n                    <li class=\"timeline\">\r\n                        <div class=\"timeline-date\">1999<\/div>\r\n                        <div class=\"timeline-text\">Setting up high-speed automatic production lines for edible oil industry.<\/div>\r\n                    <\/li>\r\n                    <li class=\"timeline\">\r\n                        <div class=\"timeline-date\">2001<\/div>\r\n                        <div class=\"timeline-text\">Certification of ISO 9002:1994 Quality Management System. Production and storage area is expanded.<\/div>\r\n                    <\/li>\r\n                    <li class=\"timeline\">\r\n                        <div class=\"timeline-date\">2002<\/div>\r\n                        <div class=\"timeline-text\">\u015eim\u015fek Ambalaj continues investing in automatic manufacturing lines for edible oil, paints & coatings and printing inks industries. <\/div>\r\n                    <\/li>\r\n                    <li class=\"timeline\">\r\n                        <div class=\"timeline-date\">2003<\/div>\r\n                        <div class=\"timeline-text\">Started the operation of 4 colour offset printing line used in Turkey for the first time. Certification of ISO 9001:2000, HACCP, ISO 14001 and OHSAS 18001 quality certificates being first in can packaging industry as well.<\/div>\r\n                    <\/li>\r\n                    <li class=\"timeline\">\r\n                        <div class=\"timeline-date\">2007<\/div>\r\n                        <div class=\"timeline-text\">Expansion in capacity and setting up high-technology eco-friendly lacquering lines. <\/div>\r\n                    <\/li>\r\n                    <li class=\"timeline\">\r\n                        <div class=\"timeline-date\">2008<\/div>\r\n                        <div class=\"timeline-text\">Investment of tinplate aerosol production lines. Setting up automatic pail manufacturing lines including tester operated in Turkey for the first time. Automatic palletising and stretching machines are installed to shorten delivery times and improve shipment quality.<\/div>\r\n                    <\/li>\r\n                    <li class=\"timeline\">\r\n                        <div class=\"timeline-date\">2009<\/div>\r\n                        <div class=\"timeline-text\">Setting up aerosol components production machines. \u0130stanbul Branch Office is open.<\/div>\r\n                    <\/li>\r\n                    <li class=\"timeline\">\r\n                        <div class=\"timeline-date\">2010<\/div>\r\n                        <div class=\"timeline-text\">Computer to Plate (CTP) and sampling machine investments are made.<\/div>\r\n                    <\/li>\r\n                    <li class=\"timeline\">\r\n                        <div class=\"timeline-date\">2011<\/div>\r\n                        <div class=\"timeline-text\">Capacity increase and quality improvement investments in printing lines.<\/div>\r\n                    <\/li>\r\n                    <li class=\"timeline\">\r\n                        <div class=\"timeline-date\">2012<\/div>\r\n                        <div class=\"timeline-text\">Investments in aerosol components production machinery have been realized. IT Department is updated.<\/div>\r\n                    <\/li>\r\n                    <li class=\"timeline\">\r\n                        <div class=\"timeline-date\">2013<\/div>\r\n                        <div class=\"timeline-text\">Certification of UN in accordance with ADR (The Agreement concerning the International Carriage of Dangerous Goods by Road) Regulation for paints and other chemical products.<\/div>\r\n                    <\/li>\r\n                    <li class=\"timeline\">\r\n                        <div class=\"timeline-date\">2016<\/div>\r\n                        <div class=\"timeline-text\">We have left half a century beyond. Launch of innovative products for the olive oil industry. Thanks to our R&D Department.<\/div>\r\n                    <\/li>\r\n                    <li class=\"timeline\">\r\n                        <div class=\"timeline-date\">2017<\/div>\r\n                        <div class=\"timeline-text\">Expansion in capacity of aerosol manufacturing lines for industrial, home care, personal care & beauty and healthcare products.<\/div>\r\n                    <\/li>\r\n                    <li class=\"timeline\">\r\n                        <div class=\"timeline-date\">2019<\/div>\r\n                        <div class=\"timeline-text\">Investments are made in the R&D Department that provides technical support to the manufacturing site.<\/div>\r\n                    <\/li>\r\n                    <li class=\"timeline\">\r\n                        <div class=\"timeline-date\">2020<\/div>\r\n                        <div class=\"timeline-text\">Renewal of our whole vehicle fleet for better service to our customers. Investments for automation.<\/div>\r\n                    <\/li>\r\n                    <li class=\"timeline\">\r\n                        <div class=\"timeline-date\">2023<\/div>\r\n                        <div class=\"timeline-text\">\u015eim\u015fek Ambalaj was entitled to receive the Silver Level GreenCheck Certificate as a result of the Sustainability audit.<\/div>\r\n                    <\/li>\r\n                    <li class=\"timeline\">\r\n                        <div class=\"timeline-date\">2024<\/div>\r\n                        <div class=\"timeline-text\">Declaration reports were created in compliance with the EU Border Carbon Regulation Mechanism. ISO 14064 Greenhouse Gas Management System was established in order to comply with the EU Green Deal and the Sustainability targets. \u015eim\u015fek Ambalaj was awarded to receive the Certificate of Verification.<\/div>\r\n                        <\/li>\r\n                    <li class=\"timeline\">\r\n                        <div class=\"timeline-date\">2025<\/div>\r\n                        <div class=\"timeline-text\">Granted the EcoVadis Committed Badge.<br>\r\n           Received ISO 50001 Energy Management System Certificate by bringing energy management work to international standards. Awarded the Gold Level GreenCheck Certificate, another important milestone in its Sustainability journey.<\/div>\r\n                    <\/li>\r\n                <\/ul>\r\n            <\/div>\t\t<\/div>\n\t\t\t\t<\/div>\n\t\t\t\t\t<\/div>\n\t\t<\/div>\n\t\t\t\t\t\t\t<\/div>\n\t\t<\/section>\n\t\t\t\t<section class=\"elementor-section elementor-top-section elementor-element elementor-element-f2e7667 elementor-section-boxed elementor-section-height-default elementor-section-height-default\" data-id=\"f2e7667\" data-element_type=\"section\">\n\t\t\t\t\t\t<div class=\"elementor-container elementor-column-gap-default\">\n\t\t\t\t\t<div class=\"elementor-column elementor-col-100 elementor-top-column elementor-element elementor-element-ae1482a\" data-id=\"ae1482a\" data-element_type=\"column\">\n\t\t\t<div class=\"elementor-widget-wrap elementor-element-populated\">\n\t\t\t\t\t\t\t\t<div class=\"elementor-element elementor-element-e57ae97 elementor-widget elementor-widget-html\" data-id=\"e57ae97\" data-element_type=\"widget\" data-widget_type=\"html.default\">\n\t\t\t\t<div class=\"elementor-widget-container\">\n\t\t\t<script>\n    \n    var onScrollPage = function() {\n    var timelines = document.querySelectorAll(\".timeline\");\n    if(timelines.length ===0) {\n        return;\n    }\n    timelines[0].classList.add(\"active\");\n\n    timelines.forEach(function(timeline, index) {\n        var timelineRect =  timeline.getBoundingClientRect();\n        var timelineBottom = parseInt(timelineRect.top) + 50;\n        var windowBottom = parseInt(window.screenTop) + parseInt(window.innerHeight);\n        if( windowBottom > timelineBottom ){\n              timeline.classList.add(\"active\");\n        }\n    });\n}   \n\n\nwindow.addEventListener('load', onScrollPage);\ndocument.addEventListener(\"scroll\", onScrollPage);\n    \n    \n    \n<\/script>\t\t<\/div>\n\t\t\t\t<\/div>\n\t\t\t\t\t<\/div>\n\t\t<\/div>\n\t\t\t\t\t\t\t<\/div>\n\t\t<\/section>\n\t\t\t\t\t\t<\/div>\n\t\t\t\t\t<\/div>\n\t\t","protected":false},"excerpt":{"rendered":"<p>History &#038; Key Milestones 1955 Our passion for can packaging started. 1966 Start of can manufacturing business. 1974 Setting up printing, lacquering and automatic production lines. 1977 \u015eim\u015fek Ambalaj Sanayi ve Ticaret A.\u015e. is established in \u0130zmir, Turkey, on May 04, 1977. 1981 Significant expansion in machinery capacity until 1993. 1994 Building a new plant [&hellip;]<\/p>\n","protected":false},"author":2,"featured_media":0,"parent":0,"menu_order":0,"comment_status":"closed","ping_status":"closed","template":"","meta":{"inline_featured_image":false,"footnotes":""},"class_list":["post-75074","page","type-page","status-publish","hentry"],"yoast_head":"<!-- This site is optimized with the Yoast SEO plugin v18.3 - https:\/\/yoast.com\/wordpress\/plugins\/seo\/ -->\n<title>History &amp; Key Milestones - \u015eim\u015fek Ambalaj<\/title>\n<meta name=\"robots\" content=\"noindex, follow, max-snippet:-1, max-image-preview:large, max-video-preview:-1\" \/>\n<meta property=\"og:locale\" content=\"tr_TR\" \/>\n<meta property=\"og:type\" content=\"article\" \/>\n<meta property=\"og:title\" content=\"History &amp; Key Milestones - \u015eim\u015fek Ambalaj\" \/>\n<meta property=\"og:description\" content=\"History &#038; Key Milestones 1955 Our passion for can packaging started. 1966 Start of can manufacturing business. 1974 Setting up printing, lacquering and automatic production lines. 1977 \u015eim\u015fek Ambalaj Sanayi ve Ticaret A.\u015e. is established in \u0130zmir, Turkey, on May 04, 1977. 1981 Significant expansion in machinery capacity until 1993. 1994 Building a new plant [&hellip;]\" \/>\n<meta property=\"og:url\" content=\"https:\/\/simsekambalaj.com.tr\/en\/history-and-key-milestones\/\" \/>\n<meta property=\"og:site_name\" content=\"\u015eim\u015fek Ambalaj\" \/>\n<meta property=\"article:modified_time\" content=\"2026-02-16T07:44:55+00:00\" \/>\n<meta property=\"og:image\" content=\"https:\/\/simsekambalaj.com.tr\/wp-content\/uploads\/2022\/11\/SimsekLogoYazisiz_185x185.png\" \/>\n<meta name=\"twitter:card\" content=\"summary_large_image\" \/>\n<meta name=\"twitter:label1\" content=\"Tahmini okuma s\u00fcresi\" \/>\n\t<meta name=\"twitter:data1\" content=\"4 dakika\" \/>\n<script type=\"application\/ld+json\" class=\"yoast-schema-graph\">{\"@context\":\"https:\/\/schema.org\",\"@graph\":[{\"@type\":\"WebSite\",\"@id\":\"https:\/\/simsekambalaj.com.tr\/en\/#website\",\"url\":\"https:\/\/simsekambalaj.com.tr\/en\/\",\"name\":\"\u015eim\u015fek Ambalaj\",\"description\":\"\",\"potentialAction\":[{\"@type\":\"SearchAction\",\"target\":{\"@type\":\"EntryPoint\",\"urlTemplate\":\"https:\/\/simsekambalaj.com.tr\/en\/?s={search_term_string}\"},\"query-input\":\"required name=search_term_string\"}],\"inLanguage\":\"tr\"},{\"@type\":\"ImageObject\",\"@id\":\"https:\/\/simsekambalaj.com.tr\/en\/history-and-key-milestones\/#primaryimage\",\"inLanguage\":\"tr\",\"url\":\"\/wp-content\/uploads\/2022\/11\/SimsekLogoYazisiz_185x185.png\",\"contentUrl\":\"\/wp-content\/uploads\/2022\/11\/SimsekLogoYazisiz_185x185.png\"},{\"@type\":\"WebPage\",\"@id\":\"https:\/\/simsekambalaj.com.tr\/en\/history-and-key-milestones\/#webpage\",\"url\":\"https:\/\/simsekambalaj.com.tr\/en\/history-and-key-milestones\/\",\"name\":\"History & Key Milestones - \u015eim\u015fek Ambalaj\",\"isPartOf\":{\"@id\":\"https:\/\/simsekambalaj.com.tr\/en\/#website\"},\"primaryImageOfPage\":{\"@id\":\"https:\/\/simsekambalaj.com.tr\/en\/history-and-key-milestones\/#primaryimage\"},\"datePublished\":\"2022-08-08T13:49:10+00:00\",\"dateModified\":\"2026-02-16T07:44:55+00:00\",\"breadcrumb\":{\"@id\":\"https:\/\/simsekambalaj.com.tr\/en\/history-and-key-milestones\/#breadcrumb\"},\"inLanguage\":\"tr\",\"potentialAction\":[{\"@type\":\"ReadAction\",\"target\":[\"https:\/\/simsekambalaj.com.tr\/en\/history-and-key-milestones\/\"]}]},{\"@type\":\"BreadcrumbList\",\"@id\":\"https:\/\/simsekambalaj.com.tr\/en\/history-and-key-milestones\/#breadcrumb\",\"itemListElement\":[{\"@type\":\"ListItem\",\"position\":1,\"name\":\"Home\",\"item\":\"https:\/\/simsekambalaj.com.tr\/en\/\"},{\"@type\":\"ListItem\",\"position\":2,\"name\":\"History &#038; Key Milestones\"}]}]}<\/script>\n<!-- \/ Yoast SEO plugin. -->","yoast_head_json":{"title":"History & Key Milestones - \u015eim\u015fek Ambalaj","robots":{"index":"noindex","follow":"follow","max-snippet":"max-snippet:-1","max-image-preview":"max-image-preview:large","max-video-preview":"max-video-preview:-1"},"og_locale":"tr_TR","og_type":"article","og_title":"History & Key Milestones - \u015eim\u015fek Ambalaj","og_description":"History &#038; Key Milestones 1955 Our passion for can packaging started. 1966 Start of can manufacturing business. 1974 Setting up printing, lacquering and automatic production lines. 1977 \u015eim\u015fek Ambalaj Sanayi ve Ticaret A.\u015e. is established in \u0130zmir, Turkey, on May 04, 1977. 1981 Significant expansion in machinery capacity until 1993. 1994 Building a new plant [&hellip;]","og_url":"https:\/\/simsekambalaj.com.tr\/en\/history-and-key-milestones\/","og_site_name":"\u015eim\u015fek Ambalaj","article_modified_time":"2026-02-16T07:44:55+00:00","og_image":[{"url":"https:\/\/simsekambalaj.com.tr\/wp-content\/uploads\/2022\/11\/SimsekLogoYazisiz_185x185.png"}],"twitter_card":"summary_large_image","twitter_misc":{"Tahmini okuma s\u00fcresi":"4 dakika"},"schema":{"@context":"https:\/\/schema.org","@graph":[{"@type":"WebSite","@id":"https:\/\/simsekambalaj.com.tr\/en\/#website","url":"https:\/\/simsekambalaj.com.tr\/en\/","name":"\u015eim\u015fek Ambalaj","description":"","potentialAction":[{"@type":"SearchAction","target":{"@type":"EntryPoint","urlTemplate":"https:\/\/simsekambalaj.com.tr\/en\/?s={search_term_string}"},"query-input":"required name=search_term_string"}],"inLanguage":"tr"},{"@type":"ImageObject","@id":"https:\/\/simsekambalaj.com.tr\/en\/history-and-key-milestones\/#primaryimage","inLanguage":"tr","url":"\/wp-content\/uploads\/2022\/11\/SimsekLogoYazisiz_185x185.png","contentUrl":"\/wp-content\/uploads\/2022\/11\/SimsekLogoYazisiz_185x185.png"},{"@type":"WebPage","@id":"https:\/\/simsekambalaj.com.tr\/en\/history-and-key-milestones\/#webpage","url":"https:\/\/simsekambalaj.com.tr\/en\/history-and-key-milestones\/","name":"History & Key Milestones - \u015eim\u015fek Ambalaj","isPartOf":{"@id":"https:\/\/simsekambalaj.com.tr\/en\/#website"},"primaryImageOfPage":{"@id":"https:\/\/simsekambalaj.com.tr\/en\/history-and-key-milestones\/#primaryimage"},"datePublished":"2022-08-08T13:49:10+00:00","dateModified":"2026-02-16T07:44:55+00:00","breadcrumb":{"@id":"https:\/\/simsekambalaj.com.tr\/en\/history-and-key-milestones\/#breadcrumb"},"inLanguage":"tr","potentialAction":[{"@type":"ReadAction","target":["https:\/\/simsekambalaj.com.tr\/en\/history-and-key-milestones\/"]}]},{"@type":"BreadcrumbList","@id":"https:\/\/simsekambalaj.com.tr\/en\/history-and-key-milestones\/#breadcrumb","itemListElement":[{"@type":"ListItem","position":1,"name":"Home","item":"https:\/\/simsekambalaj.com.tr\/en\/"},{"@type":"ListItem","position":2,"name":"History &#038; Key Milestones"}]}]}},"acf":[],"_links":{"self":[{"href":"https:\/\/simsekambalaj.com.tr\/en\/wp-json\/wp\/v2\/pages\/75074","targetHints":{"allow":["GET"]}}],"collection":[{"href":"https:\/\/simsekambalaj.com.tr\/en\/wp-json\/wp\/v2\/pages"}],"about":[{"href":"https:\/\/simsekambalaj.com.tr\/en\/wp-json\/wp\/v2\/types\/page"}],"author":[{"embeddable":true,"href":"https:\/\/simsekambalaj.com.tr\/en\/wp-json\/wp\/v2\/users\/2"}],"replies":[{"embeddable":true,"href":"https:\/\/simsekambalaj.com.tr\/en\/wp-json\/wp\/v2\/comments?post=75074"}],"version-history":[{"count":36,"href":"https:\/\/simsekambalaj.com.tr\/en\/wp-json\/wp\/v2\/pages\/75074\/revisions"}],"predecessor-version":[{"id":79227,"href":"https:\/\/simsekambalaj.com.tr\/en\/wp-json\/wp\/v2\/pages\/75074\/revisions\/79227"}],"wp:attachment":[{"href":"https:\/\/simsekambalaj.com.tr\/en\/wp-json\/wp\/v2\/media?parent=75074"}],"curies":[{"name":"wp","href":"https:\/\/api.w.org\/{rel}","templated":true}]}}