{"id":74935,"date":"2022-08-04T17:27:41","date_gmt":"2022-08-04T14:27:41","guid":{"rendered":"https:\/\/simsekambalaj.com.tr\/en\/?page_id=74935"},"modified":"2022-10-07T15:23:13","modified_gmt":"2022-10-07T12:23:13","slug":"our-philosophy","status":"publish","type":"page","link":"https:\/\/simsekambalaj.com.tr\/en\/our-philosophy\/","title":{"rendered":"Our Philosophy"},"content":{"rendered":"\t\t<div data-elementor-type=\"wp-page\" data-elementor-id=\"74935\" class=\"elementor elementor-74935\" data-elementor-settings=\"[]\">\n\t\t\t\t\t\t\t<div class=\"elementor-section-wrap\">\n\t\t\t\t\t\t\t<section class=\"elementor-section elementor-top-section elementor-element elementor-element-97026c0 elementor-section-content-middle elementor-reverse-mobile elementor-section-height-min-height elementor-section-boxed elementor-section-height-default elementor-section-items-middle\" data-id=\"97026c0\" data-element_type=\"section\" data-settings=\"{&quot;background_background&quot;:&quot;classic&quot;}\">\n\t\t\t\t\t\t<div class=\"elementor-container elementor-column-gap-no\">\n\t\t\t\t\t<div class=\"elementor-column elementor-col-100 elementor-top-column elementor-element elementor-element-a6d3665\" data-id=\"a6d3665\" data-element_type=\"column\">\n\t\t\t<div class=\"elementor-widget-wrap elementor-element-populated\">\n\t\t\t\t\t\t\t\t<div class=\"elementor-element elementor-element-1c8ad65 elementor-widget elementor-widget-heading\" data-id=\"1c8ad65\" data-element_type=\"widget\" data-widget_type=\"heading.default\">\n\t\t\t\t<div class=\"elementor-widget-container\">\n\t\t\t<style>\/*! elementor - v3.5.6 - 28-02-2022 *\/\n.elementor-heading-title{padding:0;margin:0;line-height:1}.elementor-widget-heading .elementor-heading-title[class*=elementor-size-]>a{color:inherit;font-size:inherit;line-height:inherit}.elementor-widget-heading .elementor-heading-title.elementor-size-small{font-size:15px}.elementor-widget-heading .elementor-heading-title.elementor-size-medium{font-size:19px}.elementor-widget-heading .elementor-heading-title.elementor-size-large{font-size:29px}.elementor-widget-heading .elementor-heading-title.elementor-size-xl{font-size:39px}.elementor-widget-heading .elementor-heading-title.elementor-size-xxl{font-size:59px}<\/style><h1 class=\"elementor-heading-title elementor-size-default\">Our Philosophy<\/h1>\t\t<\/div>\n\t\t\t\t<\/div>\n\t\t\t\t\t<\/div>\n\t\t<\/div>\n\t\t\t\t\t\t\t<\/div>\n\t\t<\/section>\n\t\t\t\t<section class=\"elementor-section elementor-top-section elementor-element elementor-element-1a5d825 elementor-section-content-top elementor-reverse-tablet elementor-reverse-mobile elementor-section-boxed elementor-section-height-default elementor-section-height-default\" data-id=\"1a5d825\" data-element_type=\"section\">\n\t\t\t\t\t\t<div class=\"elementor-container elementor-column-gap-default\">\n\t\t\t\t\t<div class=\"elementor-column elementor-col-50 elementor-top-column elementor-element elementor-element-2d3d53f\" data-id=\"2d3d53f\" data-element_type=\"column\">\n\t\t\t<div class=\"elementor-widget-wrap elementor-element-populated\">\n\t\t\t\t\t\t\t\t<div class=\"elementor-element elementor-element-0aea0e7 elementor-widget elementor-widget-image\" data-id=\"0aea0e7\" data-element_type=\"widget\" data-widget_type=\"image.default\">\n\t\t\t\t<div class=\"elementor-widget-container\">\n\t\t\t<style>\/*! elementor - v3.5.6 - 28-02-2022 *\/\n.elementor-widget-image{text-align:center}.elementor-widget-image a{display:inline-block}.elementor-widget-image a img[src$=\".svg\"]{width:48px}.elementor-widget-image img{vertical-align:middle;display:inline-block}<\/style>\t\t\t\t\t\t\t\t\t\t\t\t<img loading=\"lazy\" decoding=\"async\" width=\"1200\" height=\"800\" src=\"https:\/\/simsekambalaj.com.tr\/en\/wp-content\/uploads\/2022\/08\/1200.jpg\" class=\"attachment-full size-full\" alt=\"\" srcset=\"https:\/\/simsekambalaj.com.tr\/en\/wp-content\/uploads\/2022\/08\/1200.jpg 1200w, https:\/\/simsekambalaj.com.tr\/en\/wp-content\/uploads\/2022\/08\/1200-300x200.jpg 300w, https:\/\/simsekambalaj.com.tr\/en\/wp-content\/uploads\/2022\/08\/1200-1024x683.jpg 1024w, https:\/\/simsekambalaj.com.tr\/en\/wp-content\/uploads\/2022\/08\/1200-768x512.jpg 768w\" sizes=\"auto, (max-width: 1200px) 100vw, 1200px\" \/>\t\t\t\t\t\t\t\t\t\t\t\t\t\t\t<\/div>\n\t\t\t\t<\/div>\n\t\t\t\t\t<\/div>\n\t\t<\/div>\n\t\t\t\t<div class=\"elementor-column elementor-col-50 elementor-top-column elementor-element elementor-element-11a7ea6\" data-id=\"11a7ea6\" data-element_type=\"column\">\n\t\t\t<div class=\"elementor-widget-wrap elementor-element-populated\">\n\t\t\t\t\t\t\t\t<div class=\"elementor-element elementor-element-13ba5bd elementor-widget elementor-widget-heading\" data-id=\"13ba5bd\" data-element_type=\"widget\" data-widget_type=\"heading.default\">\n\t\t\t\t<div class=\"elementor-widget-container\">\n\t\t\t<div class=\"elementor-heading-title elementor-size-default\">Corporate standards<\/div>\t\t<\/div>\n\t\t\t\t<\/div>\n\t\t\t\t<div class=\"elementor-element elementor-element-060839d elementor-widget elementor-widget-text-editor\" data-id=\"060839d\" data-element_type=\"widget\" data-widget_type=\"text-editor.default\">\n\t\t\t\t<div class=\"elementor-widget-container\">\n\t\t\t<style>\/*! elementor - v3.5.6 - 28-02-2022 *\/\n.elementor-widget-text-editor.elementor-drop-cap-view-stacked .elementor-drop-cap{background-color:#818a91;color:#fff}.elementor-widget-text-editor.elementor-drop-cap-view-framed .elementor-drop-cap{color:#818a91;border:3px solid;background-color:transparent}.elementor-widget-text-editor:not(.elementor-drop-cap-view-default) .elementor-drop-cap{margin-top:8px}.elementor-widget-text-editor:not(.elementor-drop-cap-view-default) .elementor-drop-cap-letter{width:1em;height:1em}.elementor-widget-text-editor .elementor-drop-cap{float:left;text-align:center;line-height:1;font-size:50px}.elementor-widget-text-editor .elementor-drop-cap-letter{display:inline-block}<\/style>\t\t\t\t<p>At \u015eim\u015fek Ambalaj, we are committed to managing all our business relationships in accordance with high ethical standards, legislation, laws and rules which are the cornerstone of our corporate philosophy.<\/p>\t\t\t\t\t\t<\/div>\n\t\t\t\t<\/div>\n\t\t\t\t<div class=\"elementor-element elementor-element-fb19177 elementor-widget elementor-widget-heading\" data-id=\"fb19177\" data-element_type=\"widget\" data-widget_type=\"heading.default\">\n\t\t\t\t<div class=\"elementor-widget-container\">\n\t\t\t<div class=\"elementor-heading-title elementor-size-default\">You can\u2019t manage what you don\u2019t measure<\/div>\t\t<\/div>\n\t\t\t\t<\/div>\n\t\t\t\t<div class=\"elementor-element elementor-element-2cf86fc elementor-widget elementor-widget-text-editor\" data-id=\"2cf86fc\" data-element_type=\"widget\" data-widget_type=\"text-editor.default\">\n\t\t\t\t<div class=\"elementor-widget-container\">\n\t\t\t\t\t\t\t<p>Measuring and documenting the efficiency and effectiveness of business processes is the most important parameter that guides our zero-error target. Internal and external audits and continuous training of relevant employees ensure that these processes are developed and followed.<\/p>\t\t\t\t\t\t<\/div>\n\t\t\t\t<\/div>\n\t\t\t\t\t<\/div>\n\t\t<\/div>\n\t\t\t\t\t\t\t<\/div>\n\t\t<\/section>\n\t\t\t\t<section class=\"elementor-section elementor-top-section elementor-element elementor-element-b961713 elementor-section-content-top elementor-section-boxed elementor-section-height-default elementor-section-height-default\" data-id=\"b961713\" data-element_type=\"section\">\n\t\t\t\t\t\t<div class=\"elementor-container elementor-column-gap-default\">\n\t\t\t\t\t<div class=\"elementor-column elementor-col-100 elementor-top-column elementor-element elementor-element-1acaa7d\" data-id=\"1acaa7d\" data-element_type=\"column\">\n\t\t\t<div class=\"elementor-widget-wrap elementor-element-populated\">\n\t\t\t\t\t\t\t\t<div class=\"elementor-element elementor-element-fb7a0c5 elementor-widget elementor-widget-heading\" data-id=\"fb7a0c5\" data-element_type=\"widget\" data-widget_type=\"heading.default\">\n\t\t\t\t<div class=\"elementor-widget-container\">\n\t\t\t<div class=\"elementor-heading-title elementor-size-default\">Motivation and success<\/div>\t\t<\/div>\n\t\t\t\t<\/div>\n\t\t\t\t<div class=\"elementor-element elementor-element-77bc472 elementor-widget elementor-widget-text-editor\" data-id=\"77bc472\" data-element_type=\"widget\" data-widget_type=\"text-editor.default\">\n\t\t\t\t<div class=\"elementor-widget-container\">\n\t\t\t\t\t\t\tThe fact that our people, customers and suppliers feel safe as a result of our commitment to our values \u200b\u200bis the most important factor that motivates us, and ensures the continuity of our success.\t\t\t\t\t\t<\/div>\n\t\t\t\t<\/div>\n\t\t\t\t<div class=\"elementor-element elementor-element-4d2d258 elementor-widget elementor-widget-heading\" data-id=\"4d2d258\" data-element_type=\"widget\" data-widget_type=\"heading.default\">\n\t\t\t\t<div class=\"elementor-widget-container\">\n\t\t\t<div class=\"elementor-heading-title elementor-size-default\">Achieving our objectives<\/div>\t\t<\/div>\n\t\t\t\t<\/div>\n\t\t\t\t<div class=\"elementor-element elementor-element-7a9c128 elementor-widget elementor-widget-text-editor\" data-id=\"7a9c128\" data-element_type=\"widget\" data-widget_type=\"text-editor.default\">\n\t\t\t\t<div class=\"elementor-widget-container\">\n\t\t\t\t\t\t\tOur passion to create value and continuous investment in human capital ensures us to achieve our objectives.\t\t\t\t\t\t<\/div>\n\t\t\t\t<\/div>\n\t\t\t\t<div class=\"elementor-element elementor-element-3848b4f elementor-widget elementor-widget-heading\" data-id=\"3848b4f\" data-element_type=\"widget\" data-widget_type=\"heading.default\">\n\t\t\t\t<div class=\"elementor-widget-container\">\n\t\t\t<div class=\"elementor-heading-title elementor-size-default\">We are consistent<\/div>\t\t<\/div>\n\t\t\t\t<\/div>\n\t\t\t\t<div class=\"elementor-element elementor-element-c8f724d elementor-widget elementor-widget-text-editor\" data-id=\"c8f724d\" data-element_type=\"widget\" data-widget_type=\"text-editor.default\">\n\t\t\t\t<div class=\"elementor-widget-container\">\n\t\t\t\t\t\t\tWe are consistent and focus on every detail to maintain infinite customer satisfaction. Therefore, we put our customers first and continually invest in all stakeholders. We believe this is the right way to create exceptional long-term value.\t\t\t\t\t\t<\/div>\n\t\t\t\t<\/div>\n\t\t\t\t<div class=\"elementor-element elementor-element-56a8eb7 elementor-widget elementor-widget-heading\" data-id=\"56a8eb7\" data-element_type=\"widget\" data-widget_type=\"heading.default\">\n\t\t\t\t<div class=\"elementor-widget-container\">\n\t\t\t<div class=\"elementor-heading-title elementor-size-default\">Circular economy in mind<\/div>\t\t<\/div>\n\t\t\t\t<\/div>\n\t\t\t\t<div class=\"elementor-element elementor-element-8fc2cc5 elementor-widget elementor-widget-text-editor\" data-id=\"8fc2cc5\" data-element_type=\"widget\" data-widget_type=\"text-editor.default\">\n\t\t\t\t<div class=\"elementor-widget-container\">\n\t\t\t\t\t\t\tWe always partner with customers to develop and manufacture innovative products with the circular economy in mind.\t\t\t\t\t\t<\/div>\n\t\t\t\t<\/div>\n\t\t\t\t<div class=\"elementor-element elementor-element-ec2078b elementor-widget elementor-widget-heading\" data-id=\"ec2078b\" data-element_type=\"widget\" data-widget_type=\"heading.default\">\n\t\t\t\t<div class=\"elementor-widget-container\">\n\t\t\t<div class=\"elementor-heading-title elementor-size-default\">Working tirelessly\n<\/div>\t\t<\/div>\n\t\t\t\t<\/div>\n\t\t\t\t<div class=\"elementor-element elementor-element-4e42105 elementor-widget elementor-widget-text-editor\" data-id=\"4e42105\" data-element_type=\"widget\" data-widget_type=\"text-editor.default\">\n\t\t\t\t<div class=\"elementor-widget-container\">\n\t\t\t\t\t\t\tWe work tirelessly on advancing our operational productivity and thus manage to maintain sustainable highest quality standards.\t\t\t\t\t\t<\/div>\n\t\t\t\t<\/div>\n\t\t\t\t\t<\/div>\n\t\t<\/div>\n\t\t\t\t\t\t\t<\/div>\n\t\t<\/section>\n\t\t\t\t\t\t<\/div>\n\t\t\t\t\t<\/div>\n\t\t","protected":false},"excerpt":{"rendered":"<p>Our Philosophy Corporate standards At \u015eim\u015fek Ambalaj, we are committed to managing all our business relationships in accordance with high ethical standards, legislation, laws and rules which are the cornerstone of our corporate philosophy. You can\u2019t manage what you don\u2019t measure Measuring and documenting the efficiency and effectiveness of business processes is the most important [&hellip;]<\/p>\n","protected":false},"author":2,"featured_media":0,"parent":0,"menu_order":0,"comment_status":"closed","ping_status":"closed","template":"elementor_header_footer","meta":{"inline_featured_image":false,"footnotes":""},"class_list":["post-74935","page","type-page","status-publish","hentry"],"yoast_head":"<!-- This site is optimized with the Yoast SEO plugin v18.3 - https:\/\/yoast.com\/wordpress\/plugins\/seo\/ -->\n<title>Our Philosophy - \u015eim\u015fek Ambalaj<\/title>\n<meta name=\"robots\" content=\"noindex, follow, max-snippet:-1, max-image-preview:large, max-video-preview:-1\" \/>\n<meta property=\"og:locale\" content=\"tr_TR\" \/>\n<meta property=\"og:type\" content=\"article\" \/>\n<meta property=\"og:title\" content=\"Our Philosophy - \u015eim\u015fek Ambalaj\" \/>\n<meta property=\"og:description\" content=\"Our Philosophy Corporate standards At \u015eim\u015fek Ambalaj, we are committed to managing all our business relationships in accordance with high ethical standards, legislation, laws and rules which are the cornerstone of our corporate philosophy. You can\u2019t manage what you don\u2019t measure Measuring and documenting the efficiency and effectiveness of business processes is the most important [&hellip;]\" \/>\n<meta property=\"og:url\" content=\"https:\/\/simsekambalaj.com.tr\/en\/our-philosophy\/\" \/>\n<meta property=\"og:site_name\" content=\"\u015eim\u015fek Ambalaj\" \/>\n<meta property=\"article:modified_time\" content=\"2022-10-07T12:23:13+00:00\" \/>\n<meta property=\"og:image\" content=\"https:\/\/simsekambalaj.com.tr\/en\/wp-content\/uploads\/2022\/08\/1200.jpg\" \/>\n<meta name=\"twitter:card\" content=\"summary_large_image\" \/>\n<meta name=\"twitter:label1\" content=\"Tahmini okuma s\u00fcresi\" \/>\n\t<meta name=\"twitter:data1\" content=\"2 dakika\" \/>\n<script type=\"application\/ld+json\" class=\"yoast-schema-graph\">{\"@context\":\"https:\/\/schema.org\",\"@graph\":[{\"@type\":\"WebSite\",\"@id\":\"https:\/\/simsekambalaj.com.tr\/en\/#website\",\"url\":\"https:\/\/simsekambalaj.com.tr\/en\/\",\"name\":\"\u015eim\u015fek Ambalaj\",\"description\":\"\",\"potentialAction\":[{\"@type\":\"SearchAction\",\"target\":{\"@type\":\"EntryPoint\",\"urlTemplate\":\"https:\/\/simsekambalaj.com.tr\/en\/?s={search_term_string}\"},\"query-input\":\"required name=search_term_string\"}],\"inLanguage\":\"tr\"},{\"@type\":\"ImageObject\",\"@id\":\"https:\/\/simsekambalaj.com.tr\/en\/our-philosophy\/#primaryimage\",\"inLanguage\":\"tr\",\"url\":\"https:\/\/simsekambalaj.com.tr\/en\/wp-content\/uploads\/2022\/08\/1200.jpg\",\"contentUrl\":\"https:\/\/simsekambalaj.com.tr\/en\/wp-content\/uploads\/2022\/08\/1200.jpg\",\"width\":1200,\"height\":800},{\"@type\":\"WebPage\",\"@id\":\"https:\/\/simsekambalaj.com.tr\/en\/our-philosophy\/#webpage\",\"url\":\"https:\/\/simsekambalaj.com.tr\/en\/our-philosophy\/\",\"name\":\"Our Philosophy - \u015eim\u015fek Ambalaj\",\"isPartOf\":{\"@id\":\"https:\/\/simsekambalaj.com.tr\/en\/#website\"},\"primaryImageOfPage\":{\"@id\":\"https:\/\/simsekambalaj.com.tr\/en\/our-philosophy\/#primaryimage\"},\"datePublished\":\"2022-08-04T14:27:41+00:00\",\"dateModified\":\"2022-10-07T12:23:13+00:00\",\"breadcrumb\":{\"@id\":\"https:\/\/simsekambalaj.com.tr\/en\/our-philosophy\/#breadcrumb\"},\"inLanguage\":\"tr\",\"potentialAction\":[{\"@type\":\"ReadAction\",\"target\":[\"https:\/\/simsekambalaj.com.tr\/en\/our-philosophy\/\"]}]},{\"@type\":\"BreadcrumbList\",\"@id\":\"https:\/\/simsekambalaj.com.tr\/en\/our-philosophy\/#breadcrumb\",\"itemListElement\":[{\"@type\":\"ListItem\",\"position\":1,\"name\":\"Home\",\"item\":\"https:\/\/simsekambalaj.com.tr\/en\/\"},{\"@type\":\"ListItem\",\"position\":2,\"name\":\"Our Philosophy\"}]}]}<\/script>\n<!-- \/ Yoast SEO plugin. -->","yoast_head_json":{"title":"Our Philosophy - \u015eim\u015fek Ambalaj","robots":{"index":"noindex","follow":"follow","max-snippet":"max-snippet:-1","max-image-preview":"max-image-preview:large","max-video-preview":"max-video-preview:-1"},"og_locale":"tr_TR","og_type":"article","og_title":"Our Philosophy - \u015eim\u015fek Ambalaj","og_description":"Our Philosophy Corporate standards At \u015eim\u015fek Ambalaj, we are committed to managing all our business relationships in accordance with high ethical standards, legislation, laws and rules which are the cornerstone of our corporate philosophy. You can\u2019t manage what you don\u2019t measure Measuring and documenting the efficiency and effectiveness of business processes is the most important [&hellip;]","og_url":"https:\/\/simsekambalaj.com.tr\/en\/our-philosophy\/","og_site_name":"\u015eim\u015fek Ambalaj","article_modified_time":"2022-10-07T12:23:13+00:00","og_image":[{"url":"https:\/\/simsekambalaj.com.tr\/en\/wp-content\/uploads\/2022\/08\/1200.jpg"}],"twitter_card":"summary_large_image","twitter_misc":{"Tahmini okuma s\u00fcresi":"2 dakika"},"schema":{"@context":"https:\/\/schema.org","@graph":[{"@type":"WebSite","@id":"https:\/\/simsekambalaj.com.tr\/en\/#website","url":"https:\/\/simsekambalaj.com.tr\/en\/","name":"\u015eim\u015fek Ambalaj","description":"","potentialAction":[{"@type":"SearchAction","target":{"@type":"EntryPoint","urlTemplate":"https:\/\/simsekambalaj.com.tr\/en\/?s={search_term_string}"},"query-input":"required name=search_term_string"}],"inLanguage":"tr"},{"@type":"ImageObject","@id":"https:\/\/simsekambalaj.com.tr\/en\/our-philosophy\/#primaryimage","inLanguage":"tr","url":"https:\/\/simsekambalaj.com.tr\/en\/wp-content\/uploads\/2022\/08\/1200.jpg","contentUrl":"https:\/\/simsekambalaj.com.tr\/en\/wp-content\/uploads\/2022\/08\/1200.jpg","width":1200,"height":800},{"@type":"WebPage","@id":"https:\/\/simsekambalaj.com.tr\/en\/our-philosophy\/#webpage","url":"https:\/\/simsekambalaj.com.tr\/en\/our-philosophy\/","name":"Our Philosophy - \u015eim\u015fek Ambalaj","isPartOf":{"@id":"https:\/\/simsekambalaj.com.tr\/en\/#website"},"primaryImageOfPage":{"@id":"https:\/\/simsekambalaj.com.tr\/en\/our-philosophy\/#primaryimage"},"datePublished":"2022-08-04T14:27:41+00:00","dateModified":"2022-10-07T12:23:13+00:00","breadcrumb":{"@id":"https:\/\/simsekambalaj.com.tr\/en\/our-philosophy\/#breadcrumb"},"inLanguage":"tr","potentialAction":[{"@type":"ReadAction","target":["https:\/\/simsekambalaj.com.tr\/en\/our-philosophy\/"]}]},{"@type":"BreadcrumbList","@id":"https:\/\/simsekambalaj.com.tr\/en\/our-philosophy\/#breadcrumb","itemListElement":[{"@type":"ListItem","position":1,"name":"Home","item":"https:\/\/simsekambalaj.com.tr\/en\/"},{"@type":"ListItem","position":2,"name":"Our Philosophy"}]}]}},"acf":[],"_links":{"self":[{"href":"https:\/\/simsekambalaj.com.tr\/en\/wp-json\/wp\/v2\/pages\/74935","targetHints":{"allow":["GET"]}}],"collection":[{"href":"https:\/\/simsekambalaj.com.tr\/en\/wp-json\/wp\/v2\/pages"}],"about":[{"href":"https:\/\/simsekambalaj.com.tr\/en\/wp-json\/wp\/v2\/types\/page"}],"author":[{"embeddable":true,"href":"https:\/\/simsekambalaj.com.tr\/en\/wp-json\/wp\/v2\/users\/2"}],"replies":[{"embeddable":true,"href":"https:\/\/simsekambalaj.com.tr\/en\/wp-json\/wp\/v2\/comments?post=74935"}],"version-history":[{"count":0,"href":"https:\/\/simsekambalaj.com.tr\/en\/wp-json\/wp\/v2\/pages\/74935\/revisions"}],"wp:attachment":[{"href":"https:\/\/simsekambalaj.com.tr\/en\/wp-json\/wp\/v2\/media?parent=74935"}],"curies":[{"name":"wp","href":"https:\/\/api.w.org\/{rel}","templated":true}]}}