{"id":73144,"date":"2022-05-16T11:53:21","date_gmt":"2022-05-16T08:53:21","guid":{"rendered":"https:\/\/simsekambalaj.com.tr\/en\/?page_id=73144"},"modified":"2022-10-07T15:55:30","modified_gmt":"2022-10-07T12:55:30","slug":"furniture","status":"publish","type":"page","link":"https:\/\/simsekambalaj.com.tr\/en\/furniture\/","title":{"rendered":"Furniture"},"content":{"rendered":"\t\t<div data-elementor-type=\"wp-page\" data-elementor-id=\"73144\" class=\"elementor elementor-73144\" data-elementor-settings=\"[]\">\n\t\t\t\t\t\t\t<div class=\"elementor-section-wrap\">\n\t\t\t\t\t\t\t<section class=\"elementor-section elementor-top-section elementor-element elementor-element-58bba9f elementor-section-content-middle elementor-reverse-mobile elementor-section-height-min-height elementor-section-boxed elementor-section-height-default elementor-section-items-middle\" data-id=\"58bba9f\" data-element_type=\"section\" data-settings=\"{&quot;background_background&quot;:&quot;classic&quot;}\">\n\t\t\t\t\t\t\t<div class=\"elementor-background-overlay\"><\/div>\n\t\t\t\t\t\t\t<div class=\"elementor-container elementor-column-gap-no\">\n\t\t\t\t\t<div class=\"elementor-column elementor-col-100 elementor-top-column elementor-element elementor-element-3064717\" data-id=\"3064717\" data-element_type=\"column\">\n\t\t\t<div class=\"elementor-widget-wrap elementor-element-populated\">\n\t\t\t\t\t\t\t\t<div class=\"elementor-element elementor-element-bd2f99a elementor-widget elementor-widget-heading\" data-id=\"bd2f99a\" data-element_type=\"widget\" data-widget_type=\"heading.default\">\n\t\t\t\t<div class=\"elementor-widget-container\">\n\t\t\t<style>\/*! elementor - v3.5.6 - 28-02-2022 *\/\n.elementor-heading-title{padding:0;margin:0;line-height:1}.elementor-widget-heading .elementor-heading-title[class*=elementor-size-]>a{color:inherit;font-size:inherit;line-height:inherit}.elementor-widget-heading .elementor-heading-title.elementor-size-small{font-size:15px}.elementor-widget-heading .elementor-heading-title.elementor-size-medium{font-size:19px}.elementor-widget-heading .elementor-heading-title.elementor-size-large{font-size:29px}.elementor-widget-heading .elementor-heading-title.elementor-size-xl{font-size:39px}.elementor-widget-heading .elementor-heading-title.elementor-size-xxl{font-size:59px}<\/style><h1 class=\"elementor-heading-title elementor-size-default\">Furniture<\/h1>\t\t<\/div>\n\t\t\t\t<\/div>\n\t\t\t\t\t<\/div>\n\t\t<\/div>\n\t\t\t\t\t\t\t<\/div>\n\t\t<\/section>\n\t\t\t\t<section class=\"elementor-section elementor-top-section elementor-element elementor-element-d8e265f elementor-section-content-top elementor-reverse-tablet elementor-reverse-mobile elementor-section-boxed elementor-section-height-default elementor-section-height-default\" data-id=\"d8e265f\" data-element_type=\"section\">\n\t\t\t\t\t\t<div class=\"elementor-container elementor-column-gap-default\">\n\t\t\t\t\t<div class=\"elementor-column elementor-col-50 elementor-top-column elementor-element elementor-element-1b7dad1\" data-id=\"1b7dad1\" data-element_type=\"column\">\n\t\t\t<div class=\"elementor-widget-wrap elementor-element-populated\">\n\t\t\t\t\t\t\t\t<div class=\"elementor-element elementor-element-338938d elementor-arrows-position-inside elementor-widget elementor-widget-image-carousel\" data-id=\"338938d\" data-element_type=\"widget\" data-settings=\"{&quot;slides_to_show&quot;:&quot;1&quot;,&quot;navigation&quot;:&quot;arrows&quot;,&quot;pause_on_hover&quot;:&quot;no&quot;,&quot;pause_on_interaction&quot;:&quot;no&quot;,&quot;effect&quot;:&quot;fade&quot;,&quot;autoplay&quot;:&quot;yes&quot;,&quot;autoplay_speed&quot;:5000,&quot;infinite&quot;:&quot;yes&quot;,&quot;speed&quot;:500}\" data-widget_type=\"image-carousel.default\">\n\t\t\t\t<div class=\"elementor-widget-container\">\n\t\t\t<style>\/*! elementor - v3.5.6 - 28-02-2022 *\/\n.elementor-widget-image-carousel .swiper-container{position:static}.elementor-widget-image-carousel .swiper-container .swiper-slide figure{line-height:inherit}.elementor-widget-image-carousel .swiper-slide{text-align:center}.elementor-image-carousel-wrapper:not(.swiper-container-initialized) .swiper-slide{max-width:calc(100% \/ var(--e-image-carousel-slides-to-show, 3))}<\/style>\t\t<div class=\"elementor-image-carousel-wrapper swiper-container\" dir=\"ltr\">\n\t\t\t<div class=\"elementor-image-carousel swiper-wrapper\">\n\t\t\t\t\t\t\t\t<div class=\"swiper-slide\"><figure class=\"swiper-slide-inner\"><img decoding=\"async\" class=\"swiper-slide-image\" src=\"https:\/\/simsekambalaj.com.tr\/en\/wp-content\/uploads\/2022\/05\/furniture-3.jpg\" alt=\"furniture-3\" \/><\/figure><\/div><div class=\"swiper-slide\"><figure class=\"swiper-slide-inner\"><img decoding=\"async\" class=\"swiper-slide-image\" src=\"https:\/\/simsekambalaj.com.tr\/en\/wp-content\/uploads\/2022\/05\/furniture-2.jpg\" alt=\"furniture-2\" \/><\/figure><\/div>\t\t\t<\/div>\n\t\t\t\t\t\t\t\t\t\t\t\t\t\t\t\t<div class=\"elementor-swiper-button elementor-swiper-button-prev\">\n\t\t\t\t\t\t<i aria-hidden=\"true\" class=\"eicon-chevron-left\"><\/i>\t\t\t\t\t\t<span class=\"elementor-screen-only\">\u00d6nceki<\/span>\n\t\t\t\t\t<\/div>\n\t\t\t\t\t<div class=\"elementor-swiper-button elementor-swiper-button-next\">\n\t\t\t\t\t\t<i aria-hidden=\"true\" class=\"eicon-chevron-right\"><\/i>\t\t\t\t\t\t<span class=\"elementor-screen-only\">Sonraki<\/span>\n\t\t\t\t\t<\/div>\n\t\t\t\t\t\t\t\t\t<\/div>\n\t\t\t\t<\/div>\n\t\t\t\t<\/div>\n\t\t\t\t\t<\/div>\n\t\t<\/div>\n\t\t\t\t<div class=\"elementor-column elementor-col-50 elementor-top-column elementor-element elementor-element-fe49250\" data-id=\"fe49250\" data-element_type=\"column\">\n\t\t\t<div class=\"elementor-widget-wrap elementor-element-populated\">\n\t\t\t\t\t\t\t\t<div class=\"elementor-element elementor-element-b9d10a4 elementor-widget elementor-widget-heading\" data-id=\"b9d10a4\" data-element_type=\"widget\" data-widget_type=\"heading.default\">\n\t\t\t\t<div class=\"elementor-widget-container\">\n\t\t\t<h2 class=\"elementor-heading-title elementor-size-default\">Functional and long-lasting protection packaging solutions<\/h2>\t\t<\/div>\n\t\t\t\t<\/div>\n\t\t\t\t<div class=\"elementor-element elementor-element-a07bd1c elementor-widget elementor-widget-text-editor\" data-id=\"a07bd1c\" data-element_type=\"widget\" data-widget_type=\"text-editor.default\">\n\t\t\t\t<div class=\"elementor-widget-container\">\n\t\t\t<style>\/*! elementor - v3.5.6 - 28-02-2022 *\/\n.elementor-widget-text-editor.elementor-drop-cap-view-stacked .elementor-drop-cap{background-color:#818a91;color:#fff}.elementor-widget-text-editor.elementor-drop-cap-view-framed .elementor-drop-cap{color:#818a91;border:3px solid;background-color:transparent}.elementor-widget-text-editor:not(.elementor-drop-cap-view-default) .elementor-drop-cap{margin-top:8px}.elementor-widget-text-editor:not(.elementor-drop-cap-view-default) .elementor-drop-cap-letter{width:1em;height:1em}.elementor-widget-text-editor .elementor-drop-cap{float:left;text-align:center;line-height:1;font-size:50px}.elementor-widget-text-editor .elementor-drop-cap-letter{display:inline-block}<\/style>\t\t\t\t<p>While the products in this segment, which is constantly involved in our lives, appeal to the taste and comfort of the users, the most important expectation of the consumers is that the packaging guarantees long-lasting protection and the natural appearance of the wood is preserved.<\/p><p>Our packaging provides full and long-term protection to wood paints and varnishes, and it also has functional design and durability for many products, including water-based exterior wood colorants.<\/p>\t\t\t\t\t\t<\/div>\n\t\t\t\t<\/div>\n\t\t\t\t\t<\/div>\n\t\t<\/div>\n\t\t\t\t\t\t\t<\/div>\n\t\t<\/section>\n\t\t\t\t\t\t<\/div>\n\t\t\t\t\t<\/div>\n\t\t","protected":false},"excerpt":{"rendered":"<p>Furniture \u00d6nceki Sonraki Functional and long-lasting protection packaging solutions While the products in this segment, which is constantly involved in our lives, appeal to the taste and comfort of the users, the most important expectation of the consumers is that the packaging guarantees long-lasting protection and the natural appearance of the wood is preserved. Our [&hellip;]<\/p>\n","protected":false},"author":2,"featured_media":0,"parent":0,"menu_order":0,"comment_status":"closed","ping_status":"closed","template":"elementor_header_footer","meta":{"inline_featured_image":false,"footnotes":""},"class_list":["post-73144","page","type-page","status-publish","hentry"],"yoast_head":"<!-- This site is optimized with the Yoast SEO plugin v18.3 - https:\/\/yoast.com\/wordpress\/plugins\/seo\/ -->\n<title>Furniture - \u015eim\u015fek Ambalaj<\/title>\n<meta name=\"robots\" content=\"noindex, follow, max-snippet:-1, max-image-preview:large, max-video-preview:-1\" \/>\n<meta property=\"og:locale\" content=\"tr_TR\" \/>\n<meta property=\"og:type\" content=\"article\" \/>\n<meta property=\"og:title\" content=\"Furniture - \u015eim\u015fek Ambalaj\" \/>\n<meta property=\"og:description\" content=\"Furniture \u00d6nceki Sonraki Functional and long-lasting protection packaging solutions While the products in this segment, which is constantly involved in our lives, appeal to the taste and comfort of the users, the most important expectation of the consumers is that the packaging guarantees long-lasting protection and the natural appearance of the wood is preserved. Our [&hellip;]\" \/>\n<meta property=\"og:url\" content=\"https:\/\/simsekambalaj.com.tr\/en\/furniture\/\" \/>\n<meta property=\"og:site_name\" content=\"\u015eim\u015fek Ambalaj\" \/>\n<meta property=\"article:modified_time\" content=\"2022-10-07T12:55:30+00:00\" \/>\n<meta property=\"og:image\" content=\"https:\/\/simsekambalaj.com.tr\/en\/wp-content\/uploads\/2022\/05\/furniture-3.jpg\" \/>\n<meta name=\"twitter:card\" content=\"summary_large_image\" \/>\n<meta name=\"twitter:label1\" content=\"Tahmini okuma s\u00fcresi\" \/>\n\t<meta name=\"twitter:data1\" content=\"2 dakika\" \/>\n<script type=\"application\/ld+json\" class=\"yoast-schema-graph\">{\"@context\":\"https:\/\/schema.org\",\"@graph\":[{\"@type\":\"WebSite\",\"@id\":\"https:\/\/simsekambalaj.com.tr\/en\/#website\",\"url\":\"https:\/\/simsekambalaj.com.tr\/en\/\",\"name\":\"\u015eim\u015fek Ambalaj\",\"description\":\"\",\"potentialAction\":[{\"@type\":\"SearchAction\",\"target\":{\"@type\":\"EntryPoint\",\"urlTemplate\":\"https:\/\/simsekambalaj.com.tr\/en\/?s={search_term_string}\"},\"query-input\":\"required name=search_term_string\"}],\"inLanguage\":\"tr\"},{\"@type\":\"ImageObject\",\"@id\":\"https:\/\/simsekambalaj.com.tr\/en\/furniture\/#primaryimage\",\"inLanguage\":\"tr\",\"url\":\"https:\/\/simsekambalaj.com.tr\/en\/wp-content\/uploads\/2022\/05\/furniture-3.jpg\",\"contentUrl\":\"https:\/\/simsekambalaj.com.tr\/en\/wp-content\/uploads\/2022\/05\/furniture-3.jpg\",\"width\":1000,\"height\":667},{\"@type\":\"WebPage\",\"@id\":\"https:\/\/simsekambalaj.com.tr\/en\/furniture\/#webpage\",\"url\":\"https:\/\/simsekambalaj.com.tr\/en\/furniture\/\",\"name\":\"Furniture - \u015eim\u015fek Ambalaj\",\"isPartOf\":{\"@id\":\"https:\/\/simsekambalaj.com.tr\/en\/#website\"},\"primaryImageOfPage\":{\"@id\":\"https:\/\/simsekambalaj.com.tr\/en\/furniture\/#primaryimage\"},\"datePublished\":\"2022-05-16T08:53:21+00:00\",\"dateModified\":\"2022-10-07T12:55:30+00:00\",\"breadcrumb\":{\"@id\":\"https:\/\/simsekambalaj.com.tr\/en\/furniture\/#breadcrumb\"},\"inLanguage\":\"tr\",\"potentialAction\":[{\"@type\":\"ReadAction\",\"target\":[\"https:\/\/simsekambalaj.com.tr\/en\/furniture\/\"]}]},{\"@type\":\"BreadcrumbList\",\"@id\":\"https:\/\/simsekambalaj.com.tr\/en\/furniture\/#breadcrumb\",\"itemListElement\":[{\"@type\":\"ListItem\",\"position\":1,\"name\":\"Home\",\"item\":\"https:\/\/simsekambalaj.com.tr\/en\/\"},{\"@type\":\"ListItem\",\"position\":2,\"name\":\"Furniture\"}]}]}<\/script>\n<!-- \/ Yoast SEO plugin. -->","yoast_head_json":{"title":"Furniture - \u015eim\u015fek Ambalaj","robots":{"index":"noindex","follow":"follow","max-snippet":"max-snippet:-1","max-image-preview":"max-image-preview:large","max-video-preview":"max-video-preview:-1"},"og_locale":"tr_TR","og_type":"article","og_title":"Furniture - \u015eim\u015fek Ambalaj","og_description":"Furniture \u00d6nceki Sonraki Functional and long-lasting protection packaging solutions While the products in this segment, which is constantly involved in our lives, appeal to the taste and comfort of the users, the most important expectation of the consumers is that the packaging guarantees long-lasting protection and the natural appearance of the wood is preserved. Our [&hellip;]","og_url":"https:\/\/simsekambalaj.com.tr\/en\/furniture\/","og_site_name":"\u015eim\u015fek Ambalaj","article_modified_time":"2022-10-07T12:55:30+00:00","og_image":[{"url":"https:\/\/simsekambalaj.com.tr\/en\/wp-content\/uploads\/2022\/05\/furniture-3.jpg"}],"twitter_card":"summary_large_image","twitter_misc":{"Tahmini okuma s\u00fcresi":"2 dakika"},"schema":{"@context":"https:\/\/schema.org","@graph":[{"@type":"WebSite","@id":"https:\/\/simsekambalaj.com.tr\/en\/#website","url":"https:\/\/simsekambalaj.com.tr\/en\/","name":"\u015eim\u015fek Ambalaj","description":"","potentialAction":[{"@type":"SearchAction","target":{"@type":"EntryPoint","urlTemplate":"https:\/\/simsekambalaj.com.tr\/en\/?s={search_term_string}"},"query-input":"required name=search_term_string"}],"inLanguage":"tr"},{"@type":"ImageObject","@id":"https:\/\/simsekambalaj.com.tr\/en\/furniture\/#primaryimage","inLanguage":"tr","url":"https:\/\/simsekambalaj.com.tr\/en\/wp-content\/uploads\/2022\/05\/furniture-3.jpg","contentUrl":"https:\/\/simsekambalaj.com.tr\/en\/wp-content\/uploads\/2022\/05\/furniture-3.jpg","width":1000,"height":667},{"@type":"WebPage","@id":"https:\/\/simsekambalaj.com.tr\/en\/furniture\/#webpage","url":"https:\/\/simsekambalaj.com.tr\/en\/furniture\/","name":"Furniture - \u015eim\u015fek Ambalaj","isPartOf":{"@id":"https:\/\/simsekambalaj.com.tr\/en\/#website"},"primaryImageOfPage":{"@id":"https:\/\/simsekambalaj.com.tr\/en\/furniture\/#primaryimage"},"datePublished":"2022-05-16T08:53:21+00:00","dateModified":"2022-10-07T12:55:30+00:00","breadcrumb":{"@id":"https:\/\/simsekambalaj.com.tr\/en\/furniture\/#breadcrumb"},"inLanguage":"tr","potentialAction":[{"@type":"ReadAction","target":["https:\/\/simsekambalaj.com.tr\/en\/furniture\/"]}]},{"@type":"BreadcrumbList","@id":"https:\/\/simsekambalaj.com.tr\/en\/furniture\/#breadcrumb","itemListElement":[{"@type":"ListItem","position":1,"name":"Home","item":"https:\/\/simsekambalaj.com.tr\/en\/"},{"@type":"ListItem","position":2,"name":"Furniture"}]}]}},"acf":[],"_links":{"self":[{"href":"https:\/\/simsekambalaj.com.tr\/en\/wp-json\/wp\/v2\/pages\/73144","targetHints":{"allow":["GET"]}}],"collection":[{"href":"https:\/\/simsekambalaj.com.tr\/en\/wp-json\/wp\/v2\/pages"}],"about":[{"href":"https:\/\/simsekambalaj.com.tr\/en\/wp-json\/wp\/v2\/types\/page"}],"author":[{"embeddable":true,"href":"https:\/\/simsekambalaj.com.tr\/en\/wp-json\/wp\/v2\/users\/2"}],"replies":[{"embeddable":true,"href":"https:\/\/simsekambalaj.com.tr\/en\/wp-json\/wp\/v2\/comments?post=73144"}],"version-history":[{"count":0,"href":"https:\/\/simsekambalaj.com.tr\/en\/wp-json\/wp\/v2\/pages\/73144\/revisions"}],"wp:attachment":[{"href":"https:\/\/simsekambalaj.com.tr\/en\/wp-json\/wp\/v2\/media?parent=73144"}],"curies":[{"name":"wp","href":"https:\/\/api.w.org\/{rel}","templated":true}]}}